{"id":10,"date":"2026-01-16T14:53:17","date_gmt":"2026-01-16T14:53:17","guid":{"rendered":"https:\/\/latabernita.rkinformatika.online\/?page_id=10"},"modified":"2026-01-29T17:35:55","modified_gmt":"2026-01-29T17:35:55","slug":"inicio","status":"publish","type":"page","link":"https:\/\/latabernita.com\/en\/","title":{"rendered":"Home"},"content":{"rendered":"<div data-elementor-type=\"wp-page\" data-elementor-id=\"10\" class=\"elementor elementor-10\" data-elementor-post-type=\"page\">\n\t\t\t\t<div class=\"elementor-element elementor-element-90ea9e0 e-flex e-con-boxed e-con e-parent\" data-id=\"90ea9e0\" data-element_type=\"container\" data-e-type=\"container\" data-settings=\"{&quot;background_background&quot;:&quot;classic&quot;}\">\n\t\t\t\t\t<div class=\"e-con-inner\">\n\t\t\t\t<div class=\"elementor-element elementor-element-4f0fd57 elementor-invisible elementor-widget elementor-widget-heading\" data-id=\"4f0fd57\" data-element_type=\"widget\" data-e-type=\"widget\" data-settings=\"{&quot;_animation&quot;:&quot;fadeInLeft&quot;}\" data-widget_type=\"heading.default\">\n\t\t\t\t\t<h2 class=\"elementor-heading-title elementor-size-default\">Fifteen years of tapas served on the spot in Getafe<\/h2>\t\t\t\t<\/div>\n\t\t\t\t\t<\/div>\n\t\t\t\t<\/div>\n\t\t<div class=\"elementor-element elementor-element-ab79a2b e-flex e-con-boxed e-con e-parent\" data-id=\"ab79a2b\" data-element_type=\"container\" data-e-type=\"container\" data-settings=\"{&quot;background_background&quot;:&quot;classic&quot;}\">\n\t\t\t\t\t<div class=\"e-con-inner\">\n\t\t<div class=\"elementor-element elementor-element-af416da e-con-full e-flex e-con e-child\" data-id=\"af416da\" data-element_type=\"container\" data-e-type=\"container\">\n\t\t\t\t<div class=\"elementor-element elementor-element-9298252 elementor-widget elementor-widget-heading\" data-id=\"9298252\" data-element_type=\"widget\" data-e-type=\"widget\" data-widget_type=\"heading.default\">\n\t\t\t\t\t<h2 class=\"elementor-heading-title elementor-size-default\">About Us<\/h2>\t\t\t\t<\/div>\n\t\t\t\t<div class=\"elementor-element elementor-element-9a6b4d4 elementor-widget elementor-widget-text-editor\" data-id=\"9a6b4d4\" data-element_type=\"widget\" data-e-type=\"widget\" data-widget_type=\"text-editor.default\">\n\t\t\t\t\t\t\t\t\t<p data-start=\"192\" data-end=\"515\">At La Tabernita, we've been dedicated to the restaurant business in Getafe, Madrid, for fifteen years, offering a welcoming space where you can enjoy authentic Spanish tapas culture. We pride ourselves on preparing a variety of tapas fresh to order, which you can choose with each drink, always guaranteeing freshness and flavor.<\/p><p data-start=\"517\" data-end=\"795\">Our star product is crispy and juicy breaded cod, accompanied by other specialties such as grilled baby squid and grilled meats. We also highlight our hearty breakfasts, ideal for starting the day with energy and great flavor.<\/p><p data-start=\"797\" data-end=\"991\">At La Tabernita, you don't just come to eat: you come to enjoy a friendly, family atmosphere full of tradition, where every visit becomes a memorable gastronomic experience.<\/p>\t\t\t\t\t\t\t\t<\/div>\n\t\t\t\t<\/div>\n\t\t<div class=\"elementor-element elementor-element-e2b979d e-con-full e-flex e-con e-child\" data-id=\"e2b979d\" data-element_type=\"container\" data-e-type=\"container\">\n\t\t\t\t<div class=\"elementor-element elementor-element-b8cd1b8 elementor-widget elementor-widget-image\" data-id=\"b8cd1b8\" data-element_type=\"widget\" data-e-type=\"widget\" data-widget_type=\"image.default\">\n\t\t\t\t\t\t\t\t\t\t\t\t\t\t\t<img fetchpriority=\"high\" decoding=\"async\" width=\"557\" height=\"632\" src=\"https:\/\/latabernita.com\/wp-content\/uploads\/2026\/01\/Captura-desde-2026-01-29-17-54-47.png\" class=\"attachment-large size-large wp-image-77\" alt=\"\" srcset=\"https:\/\/latabernita.com\/wp-content\/uploads\/2026\/01\/Captura-desde-2026-01-29-17-54-47.png 557w, https:\/\/latabernita.com\/wp-content\/uploads\/2026\/01\/Captura-desde-2026-01-29-17-54-47-264x300.png 264w, https:\/\/latabernita.com\/wp-content\/uploads\/2026\/01\/Captura-desde-2026-01-29-17-54-47-11x12.png 11w\" sizes=\"(max-width: 557px) 100vw, 557px\" \/>\t\t\t\t\t\t\t\t\t\t\t\t\t\t\t<\/div>\n\t\t\t\t<\/div>\n\t\t\t\t\t<\/div>\n\t\t\t\t<\/div>\n\t\t<div class=\"elementor-element elementor-element-2ca8725 e-flex e-con-boxed e-con e-parent\" data-id=\"2ca8725\" data-element_type=\"container\" data-e-type=\"container\">\n\t\t\t\t\t<div class=\"e-con-inner\">\n\t\t\t\t<div class=\"elementor-element elementor-element-a941d03 elementor-widget elementor-widget-gallery\" data-id=\"a941d03\" data-element_type=\"widget\" data-e-type=\"widget\" data-settings=\"{&quot;gallery_layout&quot;:&quot;justified&quot;,&quot;lazyload&quot;:&quot;yes&quot;,&quot;ideal_row_height&quot;:{&quot;unit&quot;:&quot;px&quot;,&quot;size&quot;:200,&quot;sizes&quot;:[]},&quot;ideal_row_height_tablet&quot;:{&quot;unit&quot;:&quot;px&quot;,&quot;size&quot;:150,&quot;sizes&quot;:[]},&quot;ideal_row_height_mobile&quot;:{&quot;unit&quot;:&quot;px&quot;,&quot;size&quot;:150,&quot;sizes&quot;:[]},&quot;gap&quot;:{&quot;unit&quot;:&quot;px&quot;,&quot;size&quot;:10,&quot;sizes&quot;:[]},&quot;gap_tablet&quot;:{&quot;unit&quot;:&quot;px&quot;,&quot;size&quot;:10,&quot;sizes&quot;:[]},&quot;gap_mobile&quot;:{&quot;unit&quot;:&quot;px&quot;,&quot;size&quot;:10,&quot;sizes&quot;:[]},&quot;link_to&quot;:&quot;file&quot;,&quot;overlay_background&quot;:&quot;yes&quot;,&quot;content_hover_animation&quot;:&quot;fade-in&quot;}\" data-widget_type=\"gallery.default\">\n\t\t\t\t\t\t\t<div class=\"elementor-gallery__container\">\n\t\t\t\t\t\t\t<a class=\"e-gallery-item elementor-gallery-item elementor-animated-content\" href=\"https:\/\/latabernita.com\/wp-content\/uploads\/2026\/01\/Captura-desde-2026-01-29-11-21-28.png\" data-elementor-open-lightbox=\"yes\" data-elementor-lightbox-slideshow=\"a941d03\" data-elementor-lightbox-title=\"Captura desde 2026-01-29 11-21-28\" data-e-action-hash=\"#elementor-action%3Aaction%3Dlightbox%26settings%3DeyJpZCI6OTksInVybCI6Imh0dHBzOlwvXC9sYXRhYmVybml0YS5jb21cL3dwLWNvbnRlbnRcL3VwbG9hZHNcLzIwMjZcLzAxXC9DYXB0dXJhLWRlc2RlLTIwMjYtMDEtMjktMTEtMjEtMjgucG5nIiwic2xpZGVzaG93IjoiYTk0MWQwMyJ9\">\n\t\t\t\t\t<div class=\"e-gallery-image elementor-gallery-item__image\" data-thumbnail=\"https:\/\/latabernita.com\/wp-content\/uploads\/2026\/01\/Captura-desde-2026-01-29-11-21-28.png\" data-width=\"721\" data-height=\"933\" aria-label=\"\" role=\"img\" ><\/div>\n\t\t\t\t\t\t\t\t\t\t\t<div class=\"elementor-gallery-item__overlay\"><\/div>\n\t\t\t\t\t\t\t\t\t\t\t\t\t\t<\/a>\n\t\t\t\t\t\t\t<a class=\"e-gallery-item elementor-gallery-item elementor-animated-content\" href=\"https:\/\/latabernita.com\/wp-content\/uploads\/2026\/01\/Captura-desde-2026-01-29-17-54-07.png\" data-elementor-open-lightbox=\"yes\" data-elementor-lightbox-slideshow=\"a941d03\" data-elementor-lightbox-title=\"Captura desde 2026-01-29 17-54-07\" data-e-action-hash=\"#elementor-action%3Aaction%3Dlightbox%26settings%3DeyJpZCI6MTAwLCJ1cmwiOiJodHRwczpcL1wvbGF0YWJlcm5pdGEuY29tXC93cC1jb250ZW50XC91cGxvYWRzXC8yMDI2XC8wMVwvQ2FwdHVyYS1kZXNkZS0yMDI2LTAxLTI5LTE3LTU0LTA3LnBuZyIsInNsaWRlc2hvdyI6ImE5NDFkMDMifQ%3D%3D\">\n\t\t\t\t\t<div class=\"e-gallery-image elementor-gallery-item__image\" data-thumbnail=\"https:\/\/latabernita.com\/wp-content\/uploads\/2026\/01\/Captura-desde-2026-01-29-17-54-07.png\" data-width=\"573\" data-height=\"567\" aria-label=\"\" role=\"img\" ><\/div>\n\t\t\t\t\t\t\t\t\t\t\t<div class=\"elementor-gallery-item__overlay\"><\/div>\n\t\t\t\t\t\t\t\t\t\t\t\t\t\t<\/a>\n\t\t\t\t\t\t\t<a class=\"e-gallery-item elementor-gallery-item elementor-animated-content\" href=\"https:\/\/latabernita.com\/wp-content\/uploads\/2026\/01\/Captura-desde-2026-01-29-17-55-16.png\" data-elementor-open-lightbox=\"yes\" data-elementor-lightbox-slideshow=\"a941d03\" data-elementor-lightbox-title=\"Captura desde 2026-01-29 17-55-16\" data-e-action-hash=\"#elementor-action%3Aaction%3Dlightbox%26settings%3DeyJpZCI6MTAxLCJ1cmwiOiJodHRwczpcL1wvbGF0YWJlcm5pdGEuY29tXC93cC1jb250ZW50XC91cGxvYWRzXC8yMDI2XC8wMVwvQ2FwdHVyYS1kZXNkZS0yMDI2LTAxLTI5LTE3LTU1LTE2LnBuZyIsInNsaWRlc2hvdyI6ImE5NDFkMDMifQ%3D%3D\">\n\t\t\t\t\t<div class=\"e-gallery-image elementor-gallery-item__image\" data-thumbnail=\"https:\/\/latabernita.com\/wp-content\/uploads\/2026\/01\/Captura-desde-2026-01-29-17-55-16.png\" data-width=\"738\" data-height=\"953\" aria-label=\"\" role=\"img\" ><\/div>\n\t\t\t\t\t\t\t\t\t\t\t<div class=\"elementor-gallery-item__overlay\"><\/div>\n\t\t\t\t\t\t\t\t\t\t\t\t\t\t<\/a>\n\t\t\t\t\t\t\t<a class=\"e-gallery-item elementor-gallery-item elementor-animated-content\" href=\"https:\/\/latabernita.com\/wp-content\/uploads\/2026\/01\/Captura-desde-2026-01-29-17-55-37.png\" data-elementor-open-lightbox=\"yes\" data-elementor-lightbox-slideshow=\"a941d03\" data-elementor-lightbox-title=\"Captura desde 2026-01-29 17-55-37\" data-e-action-hash=\"#elementor-action%3Aaction%3Dlightbox%26settings%3DeyJpZCI6MTAyLCJ1cmwiOiJodHRwczpcL1wvbGF0YWJlcm5pdGEuY29tXC93cC1jb250ZW50XC91cGxvYWRzXC8yMDI2XC8wMVwvQ2FwdHVyYS1kZXNkZS0yMDI2LTAxLTI5LTE3LTU1LTM3LnBuZyIsInNsaWRlc2hvdyI6ImE5NDFkMDMifQ%3D%3D\">\n\t\t\t\t\t<div class=\"e-gallery-image elementor-gallery-item__image\" data-thumbnail=\"https:\/\/latabernita.com\/wp-content\/uploads\/2026\/01\/Captura-desde-2026-01-29-17-55-37.png\" data-width=\"527\" data-height=\"476\" aria-label=\"\" role=\"img\" ><\/div>\n\t\t\t\t\t\t\t\t\t\t\t<div class=\"elementor-gallery-item__overlay\"><\/div>\n\t\t\t\t\t\t\t\t\t\t\t\t\t\t<\/a>\n\t\t\t\t\t\t\t<a class=\"e-gallery-item elementor-gallery-item elementor-animated-content\" href=\"https:\/\/latabernita.com\/wp-content\/uploads\/2026\/01\/Captura-desde-2026-01-29-17-55-56.png\" data-elementor-open-lightbox=\"yes\" data-elementor-lightbox-slideshow=\"a941d03\" data-elementor-lightbox-title=\"Captura desde 2026-01-29 17-55-56\" data-e-action-hash=\"#elementor-action%3Aaction%3Dlightbox%26settings%3DeyJpZCI6MTAzLCJ1cmwiOiJodHRwczpcL1wvbGF0YWJlcm5pdGEuY29tXC93cC1jb250ZW50XC91cGxvYWRzXC8yMDI2XC8wMVwvQ2FwdHVyYS1kZXNkZS0yMDI2LTAxLTI5LTE3LTU1LTU2LnBuZyIsInNsaWRlc2hvdyI6ImE5NDFkMDMifQ%3D%3D\">\n\t\t\t\t\t<div class=\"e-gallery-image elementor-gallery-item__image\" data-thumbnail=\"https:\/\/latabernita.com\/wp-content\/uploads\/2026\/01\/Captura-desde-2026-01-29-17-55-56.png\" data-width=\"705\" data-height=\"477\" aria-label=\"\" role=\"img\" ><\/div>\n\t\t\t\t\t\t\t\t\t\t\t<div class=\"elementor-gallery-item__overlay\"><\/div>\n\t\t\t\t\t\t\t\t\t\t\t\t\t\t<\/a>\n\t\t\t\t\t<\/div>\n\t\t\t\t\t<\/div>\n\t\t\t\t\t<\/div>\n\t\t\t\t<\/div>\n\t\t<div class=\"elementor-element elementor-element-04d7dee e-flex e-con-boxed e-con e-parent\" data-id=\"04d7dee\" data-element_type=\"container\" data-e-type=\"container\" data-settings=\"{&quot;background_background&quot;:&quot;classic&quot;}\">\n\t\t\t\t\t<div class=\"e-con-inner\">\n\t\t\t\t<div class=\"elementor-element elementor-element-7d0d4fb elementor-widget elementor-widget-heading\" data-id=\"7d0d4fb\" data-element_type=\"widget\" data-e-type=\"widget\" data-widget_type=\"heading.default\">\n\t\t\t\t\t<h2 class=\"elementor-heading-title elementor-size-default\">Each dish, prepared with freshness and tradition<\/h2>\t\t\t\t<\/div>\n\t\t\t\t<div class=\"elementor-element elementor-element-7b1ffe0 elementor-widget elementor-widget-text-editor\" data-id=\"7b1ffe0\" data-element_type=\"widget\" data-e-type=\"widget\" data-widget_type=\"text-editor.default\">\n\t\t\t\t\t\t\t\t\t<p>Your next culinary experience starts here<\/p>\t\t\t\t\t\t\t\t<\/div>\n\t\t\t\t<div class=\"elementor-element elementor-element-9688032 elementor-align-center elementor-widget elementor-widget-button\" data-id=\"9688032\" data-element_type=\"widget\" data-e-type=\"widget\" data-widget_type=\"button.default\">\n\t\t\t\t\t\t\t\t\t\t<a class=\"elementor-button elementor-button-link elementor-size-sm\" href=\"https:\/\/latabernita.com\/en\/servicios\/\">\n\t\t\t\t\t\t<span class=\"elementor-button-content-wrapper\">\n\t\t\t\t\t\t\t\t\t<span class=\"elementor-button-text\">Services<\/span>\n\t\t\t\t\t<\/span>\n\t\t\t\t\t<\/a>\n\t\t\t\t\t\t\t\t<\/div>\n\t\t\t\t\t<\/div>\n\t\t\t\t<\/div>\n\t\t\t\t<\/div>","protected":false},"excerpt":{"rendered":"<p>Quince a\u00f1os de tapas al momento en Getafe Sobre Nosotros En La Tabernita, llevamos quince a\u00f1os dedicados a la restauraci\u00f3n en Getafe, Madrid, ofreciendo un espacio acogedor donde disfrutar de la aut\u00e9ntica cultura de tapas espa\u00f1ola. Nos enorgullece preparar tapas variadas al momento, que puedes elegir con cada consumici\u00f3n, garantizando siempre frescura y sabor. Nuestro [&hellip;]<\/p>\n","protected":false},"author":1,"featured_media":0,"parent":0,"menu_order":0,"comment_status":"closed","ping_status":"closed","template":"elementor_canvas","meta":{"footnotes":""},"class_list":["post-10","page","type-page","status-publish","hentry"],"yoast_head":"<!-- This site is optimized with the Yoast SEO plugin v27.4 - https:\/\/yoast.com\/product\/yoast-seo-wordpress\/ -->\n<title>Inicio - La Tabernita<\/title>\n<meta name=\"robots\" content=\"index, follow, max-snippet:-1, max-image-preview:large, max-video-preview:-1\" \/>\n<link rel=\"canonical\" href=\"https:\/\/latabernita.com\/en\/\" \/>\n<meta property=\"og:locale\" content=\"en_GB\" \/>\n<meta property=\"og:type\" content=\"article\" \/>\n<meta property=\"og:title\" content=\"Inicio - La Tabernita\" \/>\n<meta property=\"og:description\" content=\"Quince a\u00f1os de tapas al momento en Getafe Sobre Nosotros En La Tabernita, llevamos quince a\u00f1os dedicados a la restauraci\u00f3n en Getafe, Madrid, ofreciendo un espacio acogedor donde disfrutar de la aut\u00e9ntica cultura de tapas espa\u00f1ola. Nos enorgullece preparar tapas variadas al momento, que puedes elegir con cada consumici\u00f3n, garantizando siempre frescura y sabor. Nuestro [&hellip;]\" \/>\n<meta property=\"og:url\" content=\"https:\/\/latabernita.com\/en\/\" \/>\n<meta property=\"og:site_name\" content=\"La Tabernita\" \/>\n<meta property=\"article:modified_time\" content=\"2026-01-29T17:35:55+00:00\" \/>\n<meta property=\"og:image\" content=\"https:\/\/latabernita.com\/wp-content\/uploads\/2026\/01\/Captura-desde-2026-01-29-17-54-47.png\" \/>\n<meta name=\"twitter:card\" content=\"summary_large_image\" \/>\n<meta name=\"twitter:label1\" content=\"Estimated reading time\" \/>\n\t<meta name=\"twitter:data1\" content=\"1 minute\" \/>\n<script type=\"application\/ld+json\" class=\"yoast-schema-graph\">{\"@context\":\"https:\\\/\\\/schema.org\",\"@graph\":[{\"@type\":\"WebPage\",\"@id\":\"https:\\\/\\\/latabernita.com\\\/\",\"url\":\"https:\\\/\\\/latabernita.com\\\/\",\"name\":\"Inicio - La Tabernita\",\"isPartOf\":{\"@id\":\"https:\\\/\\\/latabernita.com\\\/#website\"},\"primaryImageOfPage\":{\"@id\":\"https:\\\/\\\/latabernita.com\\\/#primaryimage\"},\"image\":{\"@id\":\"https:\\\/\\\/latabernita.com\\\/#primaryimage\"},\"thumbnailUrl\":\"https:\\\/\\\/latabernita.com\\\/wp-content\\\/uploads\\\/2026\\\/01\\\/Captura-desde-2026-01-29-17-54-47.png\",\"datePublished\":\"2026-01-16T14:53:17+00:00\",\"dateModified\":\"2026-01-29T17:35:55+00:00\",\"breadcrumb\":{\"@id\":\"https:\\\/\\\/latabernita.com\\\/#breadcrumb\"},\"inLanguage\":\"en-GB\",\"potentialAction\":[{\"@type\":\"ReadAction\",\"target\":[\"https:\\\/\\\/latabernita.com\\\/\"]}]},{\"@type\":\"ImageObject\",\"inLanguage\":\"en-GB\",\"@id\":\"https:\\\/\\\/latabernita.com\\\/#primaryimage\",\"url\":\"https:\\\/\\\/latabernita.com\\\/wp-content\\\/uploads\\\/2026\\\/01\\\/Captura-desde-2026-01-29-17-54-47.png\",\"contentUrl\":\"https:\\\/\\\/latabernita.com\\\/wp-content\\\/uploads\\\/2026\\\/01\\\/Captura-desde-2026-01-29-17-54-47.png\"},{\"@type\":\"BreadcrumbList\",\"@id\":\"https:\\\/\\\/latabernita.com\\\/#breadcrumb\",\"itemListElement\":[{\"@type\":\"ListItem\",\"position\":1,\"name\":\"Portada\",\"item\":\"https:\\\/\\\/latabernita.com\\\/\"},{\"@type\":\"ListItem\",\"position\":2,\"name\":\"Inicio\"}]},{\"@type\":\"WebSite\",\"@id\":\"https:\\\/\\\/latabernita.com\\\/#website\",\"url\":\"https:\\\/\\\/latabernita.com\\\/\",\"name\":\"La Tabernita\",\"description\":\"Bar de tapas\",\"publisher\":{\"@id\":\"https:\\\/\\\/latabernita.com\\\/#organization\"},\"potentialAction\":[{\"@type\":\"SearchAction\",\"target\":{\"@type\":\"EntryPoint\",\"urlTemplate\":\"https:\\\/\\\/latabernita.com\\\/?s={search_term_string}\"},\"query-input\":{\"@type\":\"PropertyValueSpecification\",\"valueRequired\":true,\"valueName\":\"search_term_string\"}}],\"inLanguage\":\"en-GB\"},{\"@type\":\"Organization\",\"@id\":\"https:\\\/\\\/latabernita.com\\\/#organization\",\"name\":\"La Tabernita\",\"url\":\"https:\\\/\\\/latabernita.com\\\/\",\"logo\":{\"@type\":\"ImageObject\",\"inLanguage\":\"en-GB\",\"@id\":\"https:\\\/\\\/latabernita.com\\\/#\\\/schema\\\/logo\\\/image\\\/\",\"url\":\"https:\\\/\\\/latabernita.com\\\/wp-content\\\/uploads\\\/2026\\\/01\\\/cropped-barlatabernita202511_logo_web.png\",\"contentUrl\":\"https:\\\/\\\/latabernita.com\\\/wp-content\\\/uploads\\\/2026\\\/01\\\/cropped-barlatabernita202511_logo_web.png\",\"width\":1080,\"height\":994,\"caption\":\"La Tabernita\"},\"image\":{\"@id\":\"https:\\\/\\\/latabernita.com\\\/#\\\/schema\\\/logo\\\/image\\\/\"}}]}<\/script>\n<!-- \/ Yoast SEO plugin. -->","yoast_head_json":{"title":"Inicio - La Tabernita","robots":{"index":"index","follow":"follow","max-snippet":"max-snippet:-1","max-image-preview":"max-image-preview:large","max-video-preview":"max-video-preview:-1"},"canonical":"https:\/\/latabernita.com\/en\/","og_locale":"en_GB","og_type":"article","og_title":"Inicio - La Tabernita","og_description":"Quince a\u00f1os de tapas al momento en Getafe Sobre Nosotros En La Tabernita, llevamos quince a\u00f1os dedicados a la restauraci\u00f3n en Getafe, Madrid, ofreciendo un espacio acogedor donde disfrutar de la aut\u00e9ntica cultura de tapas espa\u00f1ola. Nos enorgullece preparar tapas variadas al momento, que puedes elegir con cada consumici\u00f3n, garantizando siempre frescura y sabor. Nuestro [&hellip;]","og_url":"https:\/\/latabernita.com\/en\/","og_site_name":"La Tabernita","article_modified_time":"2026-01-29T17:35:55+00:00","og_image":[{"url":"https:\/\/latabernita.com\/wp-content\/uploads\/2026\/01\/Captura-desde-2026-01-29-17-54-47.png","type":"","width":"","height":""}],"twitter_card":"summary_large_image","twitter_misc":{"Estimated reading time":"1 minute"},"schema":{"@context":"https:\/\/schema.org","@graph":[{"@type":"WebPage","@id":"https:\/\/latabernita.com\/","url":"https:\/\/latabernita.com\/","name":"Inicio - La Tabernita","isPartOf":{"@id":"https:\/\/latabernita.com\/#website"},"primaryImageOfPage":{"@id":"https:\/\/latabernita.com\/#primaryimage"},"image":{"@id":"https:\/\/latabernita.com\/#primaryimage"},"thumbnailUrl":"https:\/\/latabernita.com\/wp-content\/uploads\/2026\/01\/Captura-desde-2026-01-29-17-54-47.png","datePublished":"2026-01-16T14:53:17+00:00","dateModified":"2026-01-29T17:35:55+00:00","breadcrumb":{"@id":"https:\/\/latabernita.com\/#breadcrumb"},"inLanguage":"en-GB","potentialAction":[{"@type":"ReadAction","target":["https:\/\/latabernita.com\/"]}]},{"@type":"ImageObject","inLanguage":"en-GB","@id":"https:\/\/latabernita.com\/#primaryimage","url":"https:\/\/latabernita.com\/wp-content\/uploads\/2026\/01\/Captura-desde-2026-01-29-17-54-47.png","contentUrl":"https:\/\/latabernita.com\/wp-content\/uploads\/2026\/01\/Captura-desde-2026-01-29-17-54-47.png"},{"@type":"BreadcrumbList","@id":"https:\/\/latabernita.com\/#breadcrumb","itemListElement":[{"@type":"ListItem","position":1,"name":"Portada","item":"https:\/\/latabernita.com\/"},{"@type":"ListItem","position":2,"name":"Inicio"}]},{"@type":"WebSite","@id":"https:\/\/latabernita.com\/#website","url":"https:\/\/latabernita.com\/","name":"La Tabernita","description":"Bar de tapas","publisher":{"@id":"https:\/\/latabernita.com\/#organization"},"potentialAction":[{"@type":"SearchAction","target":{"@type":"EntryPoint","urlTemplate":"https:\/\/latabernita.com\/?s={search_term_string}"},"query-input":{"@type":"PropertyValueSpecification","valueRequired":true,"valueName":"search_term_string"}}],"inLanguage":"en-GB"},{"@type":"Organization","@id":"https:\/\/latabernita.com\/#organization","name":"La Tabernita","url":"https:\/\/latabernita.com\/","logo":{"@type":"ImageObject","inLanguage":"en-GB","@id":"https:\/\/latabernita.com\/#\/schema\/logo\/image\/","url":"https:\/\/latabernita.com\/wp-content\/uploads\/2026\/01\/cropped-barlatabernita202511_logo_web.png","contentUrl":"https:\/\/latabernita.com\/wp-content\/uploads\/2026\/01\/cropped-barlatabernita202511_logo_web.png","width":1080,"height":994,"caption":"La Tabernita"},"image":{"@id":"https:\/\/latabernita.com\/#\/schema\/logo\/image\/"}}]}},"_links":{"self":[{"href":"https:\/\/latabernita.com\/en\/wp-json\/wp\/v2\/pages\/10","targetHints":{"allow":["GET"]}}],"collection":[{"href":"https:\/\/latabernita.com\/en\/wp-json\/wp\/v2\/pages"}],"about":[{"href":"https:\/\/latabernita.com\/en\/wp-json\/wp\/v2\/types\/page"}],"author":[{"embeddable":true,"href":"https:\/\/latabernita.com\/en\/wp-json\/wp\/v2\/users\/1"}],"replies":[{"embeddable":true,"href":"https:\/\/latabernita.com\/en\/wp-json\/wp\/v2\/comments?post=10"}],"version-history":[{"count":31,"href":"https:\/\/latabernita.com\/en\/wp-json\/wp\/v2\/pages\/10\/revisions"}],"predecessor-version":[{"id":144,"href":"https:\/\/latabernita.com\/en\/wp-json\/wp\/v2\/pages\/10\/revisions\/144"}],"wp:attachment":[{"href":"https:\/\/latabernita.com\/en\/wp-json\/wp\/v2\/media?parent=10"}],"curies":[{"name":"wp","href":"https:\/\/api.w.org\/{rel}","templated":true}]}}