{"id":13,"date":"2026-01-16T14:55:36","date_gmt":"2026-01-16T14:55:36","guid":{"rendered":"https:\/\/latabernita.rkinformatika.online\/?page_id=13"},"modified":"2026-01-29T17:38:14","modified_gmt":"2026-01-29T17:38:14","slug":"servicios","status":"publish","type":"page","link":"https:\/\/latabernita.com\/en\/servicios\/","title":{"rendered":"Services"},"content":{"rendered":"<div data-elementor-type=\"wp-page\" data-elementor-id=\"13\" class=\"elementor elementor-13\" data-elementor-post-type=\"page\">\n\t\t\t\t<div class=\"elementor-element elementor-element-39abce3 e-flex e-con-boxed e-con e-parent\" data-id=\"39abce3\" data-element_type=\"container\" data-e-type=\"container\" data-settings=\"{&quot;background_background&quot;:&quot;classic&quot;}\">\n\t\t\t\t\t<div class=\"e-con-inner\">\n\t\t\t\t<div class=\"elementor-element elementor-element-ffc31a9 elementor-invisible elementor-widget elementor-widget-heading\" data-id=\"ffc31a9\" data-element_type=\"widget\" data-e-type=\"widget\" data-settings=\"{&quot;_animation&quot;:&quot;fadeInLeft&quot;}\" data-widget_type=\"heading.default\">\n\t\t\t\t\t<h2 class=\"elementor-heading-title elementor-size-default\">Each dish, prepared with freshness and tradition<\/h2>\t\t\t\t<\/div>\n\t\t\t\t\t<\/div>\n\t\t\t\t<\/div>\n\t\t<div class=\"elementor-element elementor-element-b92d8ef e-flex e-con-boxed e-con e-parent\" data-id=\"b92d8ef\" data-element_type=\"container\" data-e-type=\"container\">\n\t\t\t\t\t<div class=\"e-con-inner\">\n\t\t<div class=\"elementor-element elementor-element-8b45cf7 e-con-full e-flex e-con e-child\" data-id=\"8b45cf7\" data-element_type=\"container\" data-e-type=\"container\" data-settings=\"{&quot;background_background&quot;:&quot;classic&quot;}\">\n\t\t\t\t<div class=\"elementor-element elementor-element-c92015f elementor-widget elementor-widget-heading\" data-id=\"c92015f\" data-element_type=\"widget\" data-e-type=\"widget\" data-widget_type=\"heading.default\">\n\t\t\t\t\t<h2 class=\"elementor-heading-title elementor-size-default\">Tapas al Momento<\/h2>\t\t\t\t<\/div>\n\t\t\t\t<div class=\"elementor-element elementor-element-0f77ce9 elementor-widget elementor-widget-text-editor\" data-id=\"0f77ce9\" data-element_type=\"widget\" data-e-type=\"widget\" data-widget_type=\"text-editor.default\">\n\t\t\t\t\t\t\t\t\t<ul><li data-start=\"1053\" data-end=\"1104\"><p data-start=\"1055\" data-end=\"1104\">Variedad de tapas a elegir con cada consumici\u00f3n<\/p><\/li><li data-start=\"1105\" data-end=\"1151\"><p data-start=\"1107\" data-end=\"1151\">Preparadas al momento para m\u00e1xima frescura<\/p><\/li><li data-start=\"1152\" data-end=\"1193\"><p data-start=\"1154\" data-end=\"1193\">Incluye opciones cl\u00e1sicas y creativas<\/p><\/li><li data-start=\"1194\" data-end=\"1250\"><p data-start=\"1196\" data-end=\"1250\">Perfectas para compartir o disfrutar individualmente<\/p><\/li><\/ul>\t\t\t\t\t\t\t\t<\/div>\n\t\t\t\t<\/div>\n\t\t<div class=\"elementor-element elementor-element-a79aa8c e-con-full e-flex e-con e-child\" data-id=\"a79aa8c\" data-element_type=\"container\" data-e-type=\"container\" data-settings=\"{&quot;background_background&quot;:&quot;classic&quot;}\">\n\t\t\t\t<div class=\"elementor-element elementor-element-df3e73e elementor-widget elementor-widget-heading\" data-id=\"df3e73e\" data-element_type=\"widget\" data-e-type=\"widget\" data-widget_type=\"heading.default\">\n\t\t\t\t\t<h2 class=\"elementor-heading-title elementor-size-default\">Platos Estrella<\/h2>\t\t\t\t<\/div>\n\t\t\t\t<div class=\"elementor-element elementor-element-05226a9 elementor-widget elementor-widget-text-editor\" data-id=\"05226a9\" data-element_type=\"widget\" data-e-type=\"widget\" data-widget_type=\"text-editor.default\">\n\t\t\t\t\t\t\t\t\t<ul><li data-start=\"1281\" data-end=\"1325\"><p data-start=\"1283\" data-end=\"1325\">Bacalao rebozado, crujiente y jugoso<\/p><\/li><li data-start=\"1326\" data-end=\"1377\"><p data-start=\"1328\" data-end=\"1377\">Chipirones a la plancha, frescos y sabrosos<\/p><\/li><li data-start=\"1378\" data-end=\"1444\"><p data-start=\"1380\" data-end=\"1444\">Parrilladas de carne, ideales para los amantes de la carne<\/p><\/li><li data-start=\"1445\" data-end=\"1494\"><p data-start=\"1447\" data-end=\"1494\">Opciones acompa\u00f1adas con guarniciones caseras<\/p><\/li><\/ul>\t\t\t\t\t\t\t\t<\/div>\n\t\t\t\t<\/div>\n\t\t<div class=\"elementor-element elementor-element-13d0799 e-con-full e-flex e-con e-child\" data-id=\"13d0799\" data-element_type=\"container\" data-e-type=\"container\" data-settings=\"{&quot;background_background&quot;:&quot;classic&quot;}\">\n\t\t\t\t<div class=\"elementor-element elementor-element-6facaef elementor-widget elementor-widget-heading\" data-id=\"6facaef\" data-element_type=\"widget\" data-e-type=\"widget\" data-widget_type=\"heading.default\">\n\t\t\t\t\t<h2 class=\"elementor-heading-title elementor-size-default\">Desayunos Completos<\/h2>\t\t\t\t<\/div>\n\t\t\t\t<div class=\"elementor-element elementor-element-16d796d elementor-widget elementor-widget-text-editor\" data-id=\"16d796d\" data-element_type=\"widget\" data-e-type=\"widget\" data-widget_type=\"text-editor.default\">\n\t\t\t\t\t\t\t\t\t<ul><li data-start=\"1529\" data-end=\"1571\"><p data-start=\"1531\" data-end=\"1571\">Combinaciones tradicionales y variadas<\/p><\/li><li data-start=\"1572\" data-end=\"1614\"><p data-start=\"1574\" data-end=\"1614\">Caf\u00e9 reci\u00e9n hecho y boller\u00eda artesanal<\/p><\/li><li data-start=\"1615\" data-end=\"1668\"><p data-start=\"1617\" data-end=\"1668\">Bocadillos y tostadas con ingredientes de calidad<\/p><\/li><li data-start=\"1669\" data-end=\"1710\"><p data-start=\"1671\" data-end=\"1710\">Ideal para empezar el d\u00eda con energ\u00eda<\/p><\/li><\/ul>\t\t\t\t\t\t\t\t<\/div>\n\t\t\t\t<\/div>\n\t\t\t\t\t<\/div>\n\t\t\t\t<\/div>\n\t\t<div class=\"elementor-element elementor-element-02f611e e-flex e-con-boxed e-con e-parent\" data-id=\"02f611e\" data-element_type=\"container\" data-e-type=\"container\" data-settings=\"{&quot;background_background&quot;:&quot;classic&quot;}\">\n\t\t\t\t\t<div class=\"e-con-inner\">\n\t\t\t\t<div class=\"elementor-element elementor-element-6e86c5f elementor-widget elementor-widget-heading\" data-id=\"6e86c5f\" data-element_type=\"widget\" data-e-type=\"widget\" data-widget_type=\"heading.default\">\n\t\t\t\t\t<h2 class=\"elementor-heading-title elementor-size-default\">Estamos aqu\u00ed para ti<\/h2>\t\t\t\t<\/div>\n\t\t\t\t<div class=\"elementor-element elementor-element-f6bd2f3 elementor-widget elementor-widget-text-editor\" data-id=\"f6bd2f3\" data-element_type=\"widget\" data-e-type=\"widget\" data-widget_type=\"text-editor.default\">\n\t\t\t\t\t\t\t\t\t<p>Tu mesa te espera en La Tabernita. Escr\u00edbenos.<\/p>\t\t\t\t\t\t\t\t<\/div>\n\t\t\t\t<div class=\"elementor-element elementor-element-18733b0 elementor-align-center elementor-widget elementor-widget-button\" data-id=\"18733b0\" data-element_type=\"widget\" data-e-type=\"widget\" data-widget_type=\"button.default\">\n\t\t\t\t\t\t\t\t\t\t<a class=\"elementor-button elementor-button-link elementor-size-sm\" href=\"https:\/\/latabernita.com\/en\/contacto\/\">\n\t\t\t\t\t\t<span class=\"elementor-button-content-wrapper\">\n\t\t\t\t\t\t\t\t\t<span class=\"elementor-button-text\">Contact<\/span>\n\t\t\t\t\t<\/span>\n\t\t\t\t\t<\/a>\n\t\t\t\t\t\t\t\t<\/div>\n\t\t\t\t\t<\/div>\n\t\t\t\t<\/div>\n\t\t\t\t<\/div>","protected":false},"excerpt":{"rendered":"<p>Cada plato, preparado con frescura y tradici\u00f3n Tapas al Momento Variedad de tapas a elegir con cada consumici\u00f3n Preparadas al momento para m\u00e1xima frescura Incluye opciones cl\u00e1sicas y creativas Perfectas para compartir o disfrutar individualmente Platos Estrella Bacalao rebozado, crujiente y jugoso Chipirones a la plancha, frescos y sabrosos Parrilladas de carne, ideales para los [&hellip;]<\/p>\n","protected":false},"author":1,"featured_media":0,"parent":0,"menu_order":0,"comment_status":"closed","ping_status":"closed","template":"elementor_canvas","meta":{"footnotes":""},"class_list":["post-13","page","type-page","status-publish","hentry"],"yoast_head":"<!-- This site is optimized with the Yoast SEO plugin v27.4 - https:\/\/yoast.com\/product\/yoast-seo-wordpress\/ -->\n<title>Servicios - La Tabernita<\/title>\n<meta name=\"robots\" content=\"index, follow, max-snippet:-1, max-image-preview:large, max-video-preview:-1\" \/>\n<link rel=\"canonical\" href=\"https:\/\/latabernita.com\/en\/servicios\/\" \/>\n<meta property=\"og:locale\" content=\"en_GB\" \/>\n<meta property=\"og:type\" content=\"article\" \/>\n<meta property=\"og:title\" content=\"Servicios - La Tabernita\" \/>\n<meta property=\"og:description\" content=\"Cada plato, preparado con frescura y tradici\u00f3n Tapas al Momento Variedad de tapas a elegir con cada consumici\u00f3n Preparadas al momento para m\u00e1xima frescura Incluye opciones cl\u00e1sicas y creativas Perfectas para compartir o disfrutar individualmente Platos Estrella Bacalao rebozado, crujiente y jugoso Chipirones a la plancha, frescos y sabrosos Parrilladas de carne, ideales para los [&hellip;]\" \/>\n<meta property=\"og:url\" content=\"https:\/\/latabernita.com\/en\/servicios\/\" \/>\n<meta property=\"og:site_name\" content=\"La Tabernita\" \/>\n<meta property=\"article:modified_time\" content=\"2026-01-29T17:38:14+00:00\" \/>\n<meta name=\"twitter:card\" content=\"summary_large_image\" \/>\n<meta name=\"twitter:label1\" content=\"Estimated reading time\" \/>\n\t<meta name=\"twitter:data1\" content=\"1 minute\" \/>\n<script type=\"application\/ld+json\" class=\"yoast-schema-graph\">{\"@context\":\"https:\\\/\\\/schema.org\",\"@graph\":[{\"@type\":\"WebPage\",\"@id\":\"https:\\\/\\\/latabernita.com\\\/servicios\\\/\",\"url\":\"https:\\\/\\\/latabernita.com\\\/servicios\\\/\",\"name\":\"Servicios - La Tabernita\",\"isPartOf\":{\"@id\":\"https:\\\/\\\/latabernita.com\\\/#website\"},\"datePublished\":\"2026-01-16T14:55:36+00:00\",\"dateModified\":\"2026-01-29T17:38:14+00:00\",\"breadcrumb\":{\"@id\":\"https:\\\/\\\/latabernita.com\\\/servicios\\\/#breadcrumb\"},\"inLanguage\":\"en-GB\",\"potentialAction\":[{\"@type\":\"ReadAction\",\"target\":[\"https:\\\/\\\/latabernita.com\\\/servicios\\\/\"]}]},{\"@type\":\"BreadcrumbList\",\"@id\":\"https:\\\/\\\/latabernita.com\\\/servicios\\\/#breadcrumb\",\"itemListElement\":[{\"@type\":\"ListItem\",\"position\":1,\"name\":\"Portada\",\"item\":\"https:\\\/\\\/latabernita.com\\\/\"},{\"@type\":\"ListItem\",\"position\":2,\"name\":\"Servicios\"}]},{\"@type\":\"WebSite\",\"@id\":\"https:\\\/\\\/latabernita.com\\\/#website\",\"url\":\"https:\\\/\\\/latabernita.com\\\/\",\"name\":\"La Tabernita\",\"description\":\"Bar de tapas\",\"publisher\":{\"@id\":\"https:\\\/\\\/latabernita.com\\\/#organization\"},\"potentialAction\":[{\"@type\":\"SearchAction\",\"target\":{\"@type\":\"EntryPoint\",\"urlTemplate\":\"https:\\\/\\\/latabernita.com\\\/?s={search_term_string}\"},\"query-input\":{\"@type\":\"PropertyValueSpecification\",\"valueRequired\":true,\"valueName\":\"search_term_string\"}}],\"inLanguage\":\"en-GB\"},{\"@type\":\"Organization\",\"@id\":\"https:\\\/\\\/latabernita.com\\\/#organization\",\"name\":\"La Tabernita\",\"url\":\"https:\\\/\\\/latabernita.com\\\/\",\"logo\":{\"@type\":\"ImageObject\",\"inLanguage\":\"en-GB\",\"@id\":\"https:\\\/\\\/latabernita.com\\\/#\\\/schema\\\/logo\\\/image\\\/\",\"url\":\"https:\\\/\\\/latabernita.com\\\/wp-content\\\/uploads\\\/2026\\\/01\\\/cropped-barlatabernita202511_logo_web.png\",\"contentUrl\":\"https:\\\/\\\/latabernita.com\\\/wp-content\\\/uploads\\\/2026\\\/01\\\/cropped-barlatabernita202511_logo_web.png\",\"width\":1080,\"height\":994,\"caption\":\"La Tabernita\"},\"image\":{\"@id\":\"https:\\\/\\\/latabernita.com\\\/#\\\/schema\\\/logo\\\/image\\\/\"}}]}<\/script>\n<!-- \/ Yoast SEO plugin. -->","yoast_head_json":{"title":"Servicios - La Tabernita","robots":{"index":"index","follow":"follow","max-snippet":"max-snippet:-1","max-image-preview":"max-image-preview:large","max-video-preview":"max-video-preview:-1"},"canonical":"https:\/\/latabernita.com\/en\/servicios\/","og_locale":"en_GB","og_type":"article","og_title":"Servicios - La Tabernita","og_description":"Cada plato, preparado con frescura y tradici\u00f3n Tapas al Momento Variedad de tapas a elegir con cada consumici\u00f3n Preparadas al momento para m\u00e1xima frescura Incluye opciones cl\u00e1sicas y creativas Perfectas para compartir o disfrutar individualmente Platos Estrella Bacalao rebozado, crujiente y jugoso Chipirones a la plancha, frescos y sabrosos Parrilladas de carne, ideales para los [&hellip;]","og_url":"https:\/\/latabernita.com\/en\/servicios\/","og_site_name":"La Tabernita","article_modified_time":"2026-01-29T17:38:14+00:00","twitter_card":"summary_large_image","twitter_misc":{"Estimated reading time":"1 minute"},"schema":{"@context":"https:\/\/schema.org","@graph":[{"@type":"WebPage","@id":"https:\/\/latabernita.com\/servicios\/","url":"https:\/\/latabernita.com\/servicios\/","name":"Servicios - La Tabernita","isPartOf":{"@id":"https:\/\/latabernita.com\/#website"},"datePublished":"2026-01-16T14:55:36+00:00","dateModified":"2026-01-29T17:38:14+00:00","breadcrumb":{"@id":"https:\/\/latabernita.com\/servicios\/#breadcrumb"},"inLanguage":"en-GB","potentialAction":[{"@type":"ReadAction","target":["https:\/\/latabernita.com\/servicios\/"]}]},{"@type":"BreadcrumbList","@id":"https:\/\/latabernita.com\/servicios\/#breadcrumb","itemListElement":[{"@type":"ListItem","position":1,"name":"Portada","item":"https:\/\/latabernita.com\/"},{"@type":"ListItem","position":2,"name":"Servicios"}]},{"@type":"WebSite","@id":"https:\/\/latabernita.com\/#website","url":"https:\/\/latabernita.com\/","name":"La Tabernita","description":"Bar de tapas","publisher":{"@id":"https:\/\/latabernita.com\/#organization"},"potentialAction":[{"@type":"SearchAction","target":{"@type":"EntryPoint","urlTemplate":"https:\/\/latabernita.com\/?s={search_term_string}"},"query-input":{"@type":"PropertyValueSpecification","valueRequired":true,"valueName":"search_term_string"}}],"inLanguage":"en-GB"},{"@type":"Organization","@id":"https:\/\/latabernita.com\/#organization","name":"La Tabernita","url":"https:\/\/latabernita.com\/","logo":{"@type":"ImageObject","inLanguage":"en-GB","@id":"https:\/\/latabernita.com\/#\/schema\/logo\/image\/","url":"https:\/\/latabernita.com\/wp-content\/uploads\/2026\/01\/cropped-barlatabernita202511_logo_web.png","contentUrl":"https:\/\/latabernita.com\/wp-content\/uploads\/2026\/01\/cropped-barlatabernita202511_logo_web.png","width":1080,"height":994,"caption":"La Tabernita"},"image":{"@id":"https:\/\/latabernita.com\/#\/schema\/logo\/image\/"}}]}},"_links":{"self":[{"href":"https:\/\/latabernita.com\/en\/wp-json\/wp\/v2\/pages\/13","targetHints":{"allow":["GET"]}}],"collection":[{"href":"https:\/\/latabernita.com\/en\/wp-json\/wp\/v2\/pages"}],"about":[{"href":"https:\/\/latabernita.com\/en\/wp-json\/wp\/v2\/types\/page"}],"author":[{"embeddable":true,"href":"https:\/\/latabernita.com\/en\/wp-json\/wp\/v2\/users\/1"}],"replies":[{"embeddable":true,"href":"https:\/\/latabernita.com\/en\/wp-json\/wp\/v2\/comments?post=13"}],"version-history":[{"count":46,"href":"https:\/\/latabernita.com\/en\/wp-json\/wp\/v2\/pages\/13\/revisions"}],"predecessor-version":[{"id":159,"href":"https:\/\/latabernita.com\/en\/wp-json\/wp\/v2\/pages\/13\/revisions\/159"}],"wp:attachment":[{"href":"https:\/\/latabernita.com\/en\/wp-json\/wp\/v2\/media?parent=13"}],"curies":[{"name":"wp","href":"https:\/\/api.w.org\/{rel}","templated":true}]}}